{"id":659,"date":"2025-06-12T13:38:46","date_gmt":"2025-06-12T13:38:46","guid":{"rendered":"https:\/\/theatreguleor.org.uk\/?page_id=659"},"modified":"2025-06-19T11:01:01","modified_gmt":"2025-06-19T11:01:01","slug":"fair-work","status":"publish","type":"page","link":"https:\/\/theatreguleor.com\/gd\/fair-work\/","title":{"rendered":"Obair Chothromach"},"content":{"rendered":"<p class=\"eplus-wrapper\">Tha Theatre Gu Le\u00f2r air cur romhainn cumail ri poileasaidh<a href=\"https:\/\/www.creativescotland.com\/about\/strategy\/fair-work\/what-is-fair-work\" target=\"_blank\" rel=\"noreferrer noopener\"> <strong>Fair Work First<\/strong><\/a> bho Riaghaltas na h-Alba, leis a bheil Alba Chruthachail air aontachadh cuideachd.<\/p>\n\n\n\n<div style=\"height:25px\" aria-hidden=\"true\" class=\"wp-block-spacer eplus-wrapper\"><\/div>\n\n\n\n<h2 class=\"wp-block-heading has-accent-2-color has-text-color has-link-color eplus-wrapper wp-elements-e326014a10f0a938902523812259feae\" style=\"font-style:normal;font-weight:500\"><mark style=\"background-color:rgba(0, 0, 0, 0)\" class=\"has-inline-color has-contrast-color\">T\u00e8arainteachd<\/mark> <mark style=\"background-color:rgba(0, 0, 0, 0)\" class=\"has-inline-color has-accent-3-color\">\/<\/mark> T\u00e8arainteachd<\/h2>\n\n\n\n<p class=\"has-medium-font-size eplus-wrapper\">Tha sinn air teastanas<a href=\"http:\/\/www.livingwage.org.uk\/\" target=\"_blank\" rel=\"noreferrer noopener\"> <strong>Living Wage<\/strong><\/a> Employer a choisinn, agus cleachdaidh sinn c\u00f9mhnantan freelance bho<a href=\"https:\/\/www.equity.org.uk\/\" target=\"_blank\" rel=\"noreferrer noopener\"> <strong>Equity<\/strong><\/a> agus<a href=\"http:\/\/www.scottishsocietyofplaywrights.co.uk\/\" target=\"_blank\" rel=\"noreferrer noopener\"> <strong>Scottish Society of Playwrights<\/strong><\/a> , gus d\u00e8anamh cinnteach gu bheil an luchd-obrach againn a\u2019 faighinn p\u00e0igheadh cothromach.<\/p>\n\n\n\n<div style=\"height:25px\" aria-hidden=\"true\" class=\"wp-block-spacer eplus-wrapper\"><\/div>\n\n\n\n<h2 class=\"wp-block-heading has-accent-2-color has-text-color has-link-color eplus-wrapper wp-elements-25a361c8b052694ec9da086a17478e06\" style=\"font-style:normal;font-weight:500\"><mark style=\"background-color:rgba(0, 0, 0, 0)\" class=\"has-inline-color has-contrast-color\">Guth \u00c8ifeachdach an Luchd-obrach<\/mark> <mark style=\"background-color:rgba(0, 0, 0, 0)\" class=\"has-inline-color has-accent-3-color\">\/<\/mark> Effective Workers&#8217; Voice<\/h2>\n\n\n\n<p class=\"has-medium-font-size eplus-wrapper\">Th\u00e8id coinneamhan cunbhalach a chumail eadar luchd-obrach agus manaidsearan gus ceistean no draghan a thogail agus molaidhean a chur air adhart. Th\u00e8id cuiridhean a thoirt do dh\u2019aonaidhean-ci\u00f9ird leithid<a href=\"https:\/\/www.equity.org.uk\/\" target=\"_blank\" rel=\"noreferrer noopener\"> <strong>Equity<\/strong><\/a> agus<a href=\"https:\/\/www.cairnunion.scot\/\" target=\"_blank\" rel=\"noreferrer noopener\"> <strong>Cairn<\/strong><\/a> gus coinneamhan a chumail leis an luchd-obrach freelance air na pr\u00f2iseactan againn gus fios a thoirt dhaibh mu na buannachdan a tha an l\u00f9ib ballrachd.&nbsp;<\/p>\n\n\n\n<div style=\"height:25px\" aria-hidden=\"true\" class=\"wp-block-spacer eplus-wrapper\"><\/div>\n\n\n\n<h2 class=\"wp-block-heading has-accent-2-color has-text-color has-link-color eplus-wrapper wp-elements-8c8037b5283896220ff670bc94325caf\" style=\"font-style:normal;font-weight:500\"><mark style=\"background-color:rgba(0, 0, 0, 0)\" class=\"has-inline-color has-contrast-color\">Cothroman<\/mark> <mark style=\"background-color:rgba(0, 0, 0, 0)\" class=\"has-inline-color has-accent-3-color\">\/<\/mark> Cothroman<\/h2>\n\n\n\n<p class=\"has-medium-font-size eplus-wrapper\">Th\u00e8id sanasan obrach a sgaoileadh fad is farsaing nuair a bhios dreuchdan b\u00e0na againn aig a\u2019 chompanaidh, agus tha pr\u00f2iseas fhastaidh fosgailte, s\u00f9ibailteach agus cothromach againn. Gach bliadhna bidh cothroman greisean obrach gan tabhainn do dhaoine a tha airson tighinn a-steach do dh\u2019obair th\u00e8atair gus slighe a chruthachadh do dhaoine \u00f2ga is \u00f9ra don roinn. Bidh sinn cuideachd a\u2019 leanntainn sti\u00f9ireadh Equity a thaobh casting.<\/p>\n\n\n\n<div style=\"height:25px\" aria-hidden=\"true\" class=\"wp-block-spacer eplus-wrapper\"><\/div>\n\n\n\n<h2 class=\"wp-block-heading has-accent-2-color has-text-color has-link-color eplus-wrapper wp-elements-859e5a2d5037b28965f97588dafc08ab\" style=\"font-style:normal;font-weight:500\"><mark style=\"background-color:rgba(0, 0, 0, 0)\" class=\"has-inline-color has-contrast-color\">Sp\u00e8is<\/mark> <mark style=\"background-color:rgba(0, 0, 0, 0)\" class=\"has-inline-color has-accent-3-color\">\/<\/mark> Respect<\/h2>\n\n\n\n<p class=\"has-medium-font-size eplus-wrapper\">N\u00ec sinn gach oidhirp gus \u00e0rainneachd obrach fhallainn a chruthachadh don sgioba againn. Tha na dreuchdan againn s\u00f9bailte a thaobh uairean agus \u00e0itichean-obrach agus tha poileasaidh l\u00e0idir againn air<a href=\"https:\/\/theatreguleor.com\/wp-content\/uploads\/2025\/06\/6.-TGL-Grievances-and-Disciplinary-Procedures.pdf\" target=\"_blank\" rel=\"noreferrer noopener\"> <strong>Modhan C\u00f9isean-gearain is Smachdachadh<\/strong><\/a> a th\u00e8id am broin gach c\u00f9mhnant obrach againn.<\/p>\n\n\n\n<div style=\"height:25px\" aria-hidden=\"true\" class=\"wp-block-spacer eplus-wrapper\"><\/div>\n\n\n\n<h2 class=\"wp-block-heading has-accent-2-color has-text-color has-link-color eplus-wrapper wp-elements-db2a358d77aed57324559f96b62a85ea\" style=\"font-style:normal;font-weight:500\"><mark style=\"background-color:rgba(0, 0, 0, 0)\" class=\"has-inline-color has-contrast-color\">Na poileasaidhean eile againn<\/mark> <mark style=\"background-color:rgba(0, 0, 0, 0)\" class=\"has-inline-color has-accent-3-color\">\/<\/mark> Our Other Policies<\/h2>\n\n\n\n<div class=\"wp-block-buttons eplus-wrapper is-layout-flex wp-block-buttons-is-layout-flex\">\n<div class=\"wp-block-button eplus-wrapper\"><a class=\"wp-block-button__link has-base-color has-accent-2-background-color has-text-color has-background has-link-color wp-element-button\" href=\"https:\/\/theatreguleor.com\/wp-content\/uploads\/2025\/06\/1.-TGL-Gaelic-Language-Policy.pdf\" style=\"border-top-color:var(--wp--preset--color--base);border-right-color:var(--wp--preset--color--base);border-right-width:2px;border-bottom-color:var(--wp--preset--color--base);border-bottom-width:2px;border-left-color:var(--wp--preset--color--base)\">01. Gaelic Language Policy<\/a><\/div>\n\n\n\n<div class=\"wp-block-button eplus-wrapper\"><a class=\"wp-block-button__link has-base-color has-accent-2-background-color has-text-color has-background has-link-color wp-element-button\" href=\"https:\/\/theatreguleor.com\/wp-content\/uploads\/2025\/06\/2.-TGL-Child-Protection-Policy.pdf\" style=\"border-top-color:var(--wp--preset--color--base);border-right-color:var(--wp--preset--color--base);border-right-width:2px;border-bottom-color:var(--wp--preset--color--base);border-bottom-width:2px;border-left-color:var(--wp--preset--color--base)\" target=\"_blank\" rel=\"noreferrer noopener\">02. Child Protection Policy<\/a><\/div>\n\n\n\n<div class=\"wp-block-button eplus-wrapper\"><a class=\"wp-block-button__link has-base-color has-accent-2-background-color has-text-color has-background has-link-color wp-element-button\" href=\"https:\/\/theatreguleor.com\/wp-content\/uploads\/2025\/06\/3.-TGL-EDI-Policy.pdf\" style=\"border-top-color:var(--wp--preset--color--base);border-right-color:var(--wp--preset--color--base);border-right-width:2px;border-bottom-color:var(--wp--preset--color--base);border-bottom-width:2px;border-left-color:var(--wp--preset--color--base)\" target=\"_blank\" rel=\"noreferrer noopener\">03. Equality, Diversity and Inclusion Policy<\/a><\/div>\n\n\n\n<div class=\"wp-block-button eplus-wrapper\"><a class=\"wp-block-button__link has-base-color has-accent-2-background-color has-text-color has-background has-link-color wp-element-button\" href=\"https:\/\/theatreguleor.com\/wp-content\/uploads\/2025\/06\/5.-TGL-Environmental-Statement-Policy.pdf\" style=\"border-top-color:var(--wp--preset--color--base);border-right-color:var(--wp--preset--color--base);border-right-width:2px;border-bottom-color:var(--wp--preset--color--base);border-bottom-width:2px;border-left-color:var(--wp--preset--color--base)\" target=\"_blank\" rel=\"noreferrer noopener\">04. Environmental Statement &amp; Policy<\/a><\/div>\n\n\n\n<div class=\"wp-block-button eplus-wrapper\"><a class=\"wp-block-button__link has-base-color has-accent-2-background-color has-text-color has-background has-link-color wp-element-button\" href=\"https:\/\/theatreguleor.com\/wp-content\/uploads\/2025\/06\/6.-TGL-Grievances-and-Disciplinary-Procedures.pdf\" style=\"border-top-color:var(--wp--preset--color--base);border-right-color:var(--wp--preset--color--base);border-right-width:2px;border-bottom-color:var(--wp--preset--color--base);border-bottom-width:2px;border-left-color:var(--wp--preset--color--base)\" target=\"_blank\" rel=\"noreferrer noopener\">05. Grievances and Disciplinary Procedures<\/a><\/div>\n\n\n\n<div class=\"wp-block-button eplus-wrapper\"><a class=\"wp-block-button__link has-base-color has-accent-2-background-color has-text-color has-background has-link-color wp-element-button\" href=\"https:\/\/theatreguleor.com\/wp-content\/uploads\/2025\/06\/7.-TGL-Health-and-Safety-Policy.pdf\" style=\"border-top-color:var(--wp--preset--color--base);border-right-color:var(--wp--preset--color--base);border-right-width:2px;border-bottom-color:var(--wp--preset--color--base);border-bottom-width:2px;border-left-color:var(--wp--preset--color--base)\">06. Health and Safety Policy<\/a><\/div>\n\n\n\n<div class=\"wp-block-button eplus-wrapper\"><a class=\"wp-block-button__link has-base-color has-accent-2-background-color has-text-color has-background has-link-color wp-element-button\" href=\"https:\/\/theatreguleor.com\/wp-content\/uploads\/2025\/06\/8.-TGL-Privacy-Policy.pdf\" style=\"border-top-color:var(--wp--preset--color--base);border-right-color:var(--wp--preset--color--base);border-right-width:2px;border-bottom-color:var(--wp--preset--color--base);border-bottom-width:2px;border-left-color:var(--wp--preset--color--base)\" target=\"_blank\" rel=\"noreferrer noopener\">07. Privacy Policy<\/a><\/div>\n<\/div>","protected":false},"excerpt":{"rendered":"<p>Theatre Gu Le\u00f2r has committed to adhere to the Scottish Government\u2019s Fair Work First policy, which is also adopted by Creative Scotland. T\u00e8arainteachd \/ Security We have been awarded Living Wage Employer accreditation, and we use freelance contracts from Equity and Scottish Society of Playwrights to ensure our staff are paid fairly. Guth \u00c8ifeachdach an [\u2026]<\/p>\n","protected":false},"author":1,"featured_media":214,"parent":0,"menu_order":0,"comment_status":"closed","ping_status":"closed","template":"","meta":{"footnotes":""},"class_list":["post-659","page","type-page","status-publish","has-post-thumbnail","hentry"],"yoast_head":"<!-- This site is optimized with the Yoast SEO plugin v27.2 - https:\/\/yoast.com\/product\/yoast-seo-wordpress\/ -->\n<title>Fair Work - Theatre Gu Le\u00f2r<\/title>\n<meta name=\"robots\" content=\"index, follow, max-snippet:-1, max-image-preview:large, max-video-preview:-1\" \/>\n<link rel=\"canonical\" href=\"https:\/\/theatreguleor.com\/gd\/fair-work\/\" \/>\n<meta property=\"og:locale\" content=\"en_US\" \/>\n<meta property=\"og:type\" content=\"article\" \/>\n<meta property=\"og:title\" content=\"Fair Work - Theatre Gu Le\u00f2r\" \/>\n<meta property=\"og:description\" content=\"Theatre Gu Le\u00f2r has committed to adhere to the Scottish Government\u2019s Fair Work First policy, which is also adopted by Creative Scotland. T\u00e8arainteachd \/ Security We have been awarded Living Wage Employer accreditation, and we use freelance contracts from Equity and Scottish Society of Playwrights to ensure our staff are paid fairly. Guth \u00c8ifeachdach an [\u2026]\" \/>\n<meta property=\"og:url\" content=\"https:\/\/theatreguleor.com\/gd\/fair-work\/\" \/>\n<meta property=\"og:site_name\" content=\"Theatre Gu Le\u00f2r\" \/>\n<meta property=\"article:publisher\" content=\"https:\/\/www.facebook.com\/theatreguleor\" \/>\n<meta property=\"article:modified_time\" content=\"2025-06-19T11:01:01+00:00\" \/>\n<meta property=\"og:image\" content=\"https:\/\/theatreguleor.com\/wp-content\/uploads\/2025\/02\/Shrapnel_MMB_9279-credit-Mihaela-Bodlovic.jpg\" \/>\n\t<meta property=\"og:image:width\" content=\"2000\" \/>\n\t<meta property=\"og:image:height\" content=\"1331\" \/>\n\t<meta property=\"og:image:type\" content=\"image\/jpeg\" \/>\n<meta name=\"twitter:card\" content=\"summary_large_image\" \/>\n<meta name=\"twitter:label1\" content=\"Est. reading time\" \/>\n\t<meta name=\"twitter:data1\" content=\"2 minutes\" \/>\n<script type=\"application\/ld+json\" class=\"yoast-schema-graph\">{\"@context\":\"https:\/\/schema.org\",\"@graph\":[{\"@type\":\"WebPage\",\"@id\":\"https:\/\/theatreguleor.com\/fair-work\/\",\"url\":\"https:\/\/theatreguleor.com\/fair-work\/\",\"name\":\"Fair Work - Theatre Gu Le\u00f2r\",\"isPartOf\":{\"@id\":\"https:\/\/theatreguleor.com\/#website\"},\"primaryImageOfPage\":{\"@id\":\"https:\/\/theatreguleor.com\/fair-work\/#primaryimage\"},\"image\":{\"@id\":\"https:\/\/theatreguleor.com\/fair-work\/#primaryimage\"},\"thumbnailUrl\":\"https:\/\/theatreguleor.com\/wp-content\/uploads\/2025\/02\/Shrapnel_MMB_9279-credit-Mihaela-Bodlovic.jpg\",\"datePublished\":\"2025-06-12T13:38:46+00:00\",\"dateModified\":\"2025-06-19T11:01:01+00:00\",\"breadcrumb\":{\"@id\":\"https:\/\/theatreguleor.com\/fair-work\/#breadcrumb\"},\"inLanguage\":\"gd\",\"potentialAction\":[{\"@type\":\"ReadAction\",\"target\":[\"https:\/\/theatreguleor.com\/fair-work\/\"]}]},{\"@type\":\"ImageObject\",\"inLanguage\":\"gd\",\"@id\":\"https:\/\/theatreguleor.com\/fair-work\/#primaryimage\",\"url\":\"https:\/\/theatreguleor.com\/wp-content\/uploads\/2025\/02\/Shrapnel_MMB_9279-credit-Mihaela-Bodlovic.jpg\",\"contentUrl\":\"https:\/\/theatreguleor.com\/wp-content\/uploads\/2025\/02\/Shrapnel_MMB_9279-credit-Mihaela-Bodlovic.jpg\",\"width\":2000,\"height\":1331},{\"@type\":\"BreadcrumbList\",\"@id\":\"https:\/\/theatreguleor.com\/fair-work\/#breadcrumb\",\"itemListElement\":[{\"@type\":\"ListItem\",\"position\":1,\"name\":\"Home\",\"item\":\"https:\/\/theatreguleor.com\/\"},{\"@type\":\"ListItem\",\"position\":2,\"name\":\"Fair Work\"}]},{\"@type\":\"WebSite\",\"@id\":\"https:\/\/theatreguleor.com\/#website\",\"url\":\"https:\/\/theatreguleor.com\/\",\"name\":\"Theatre Gu Le\u00f2r\",\"description\":\"Contemporary G\u00e0idhlig Theatre\",\"publisher\":{\"@id\":\"https:\/\/theatreguleor.com\/#organization\"},\"potentialAction\":[{\"@type\":\"SearchAction\",\"target\":{\"@type\":\"EntryPoint\",\"urlTemplate\":\"https:\/\/theatreguleor.com\/?s={search_term_string}\"},\"query-input\":{\"@type\":\"PropertyValueSpecification\",\"valueRequired\":true,\"valueName\":\"search_term_string\"}}],\"inLanguage\":\"gd\"},{\"@type\":\"Organization\",\"@id\":\"https:\/\/theatreguleor.com\/#organization\",\"name\":\"Theatre Gu Le\u00f2r\",\"url\":\"https:\/\/theatreguleor.com\/\",\"logo\":{\"@type\":\"ImageObject\",\"inLanguage\":\"gd\",\"@id\":\"https:\/\/theatreguleor.com\/#\/schema\/logo\/image\/\",\"url\":\"https:\/\/theatreguleor.com\/wp-content\/uploads\/2025\/10\/theatreuleorlogo.png\",\"contentUrl\":\"https:\/\/theatreguleor.com\/wp-content\/uploads\/2025\/10\/theatreuleorlogo.png\",\"width\":386,\"height\":84,\"caption\":\"Theatre Gu Le\u00f2r\"},\"image\":{\"@id\":\"https:\/\/theatreguleor.com\/#\/schema\/logo\/image\/\"},\"sameAs\":[\"https:\/\/www.facebook.com\/theatreguleor\",\"https:\/\/www.instagram.com\/theatre.gu.leor\"]}]}<\/script>\n<!-- \/ Yoast SEO plugin. -->","yoast_head_json":{"title":"Fair Work - Theatre Gu Le\u00f2r","robots":{"index":"index","follow":"follow","max-snippet":"max-snippet:-1","max-image-preview":"max-image-preview:large","max-video-preview":"max-video-preview:-1"},"canonical":"https:\/\/theatreguleor.com\/gd\/fair-work\/","og_locale":"en_US","og_type":"article","og_title":"Fair Work - Theatre Gu Le\u00f2r","og_description":"Theatre Gu Le\u00f2r has committed to adhere to the Scottish Government\u2019s Fair Work First policy, which is also adopted by Creative Scotland. T\u00e8arainteachd \/ Security We have been awarded Living Wage Employer accreditation, and we use freelance contracts from Equity and Scottish Society of Playwrights to ensure our staff are paid fairly. Guth \u00c8ifeachdach an [\u2026]","og_url":"https:\/\/theatreguleor.com\/gd\/fair-work\/","og_site_name":"Theatre Gu Le\u00f2r","article_publisher":"https:\/\/www.facebook.com\/theatreguleor","article_modified_time":"2025-06-19T11:01:01+00:00","og_image":[{"width":2000,"height":1331,"url":"https:\/\/theatreguleor.com\/wp-content\/uploads\/2025\/02\/Shrapnel_MMB_9279-credit-Mihaela-Bodlovic.jpg","type":"image\/jpeg"}],"twitter_card":"summary_large_image","twitter_misc":{"Est. reading time":"2 minutes"},"schema":{"@context":"https:\/\/schema.org","@graph":[{"@type":"WebPage","@id":"https:\/\/theatreguleor.com\/fair-work\/","url":"https:\/\/theatreguleor.com\/fair-work\/","name":"Fair Work - Theatre Gu Le\u00f2r","isPartOf":{"@id":"https:\/\/theatreguleor.com\/#website"},"primaryImageOfPage":{"@id":"https:\/\/theatreguleor.com\/fair-work\/#primaryimage"},"image":{"@id":"https:\/\/theatreguleor.com\/fair-work\/#primaryimage"},"thumbnailUrl":"https:\/\/theatreguleor.com\/wp-content\/uploads\/2025\/02\/Shrapnel_MMB_9279-credit-Mihaela-Bodlovic.jpg","datePublished":"2025-06-12T13:38:46+00:00","dateModified":"2025-06-19T11:01:01+00:00","breadcrumb":{"@id":"https:\/\/theatreguleor.com\/fair-work\/#breadcrumb"},"inLanguage":"gd","potentialAction":[{"@type":"ReadAction","target":["https:\/\/theatreguleor.com\/fair-work\/"]}]},{"@type":"ImageObject","inLanguage":"gd","@id":"https:\/\/theatreguleor.com\/fair-work\/#primaryimage","url":"https:\/\/theatreguleor.com\/wp-content\/uploads\/2025\/02\/Shrapnel_MMB_9279-credit-Mihaela-Bodlovic.jpg","contentUrl":"https:\/\/theatreguleor.com\/wp-content\/uploads\/2025\/02\/Shrapnel_MMB_9279-credit-Mihaela-Bodlovic.jpg","width":2000,"height":1331},{"@type":"BreadcrumbList","@id":"https:\/\/theatreguleor.com\/fair-work\/#breadcrumb","itemListElement":[{"@type":"ListItem","position":1,"name":"Home","item":"https:\/\/theatreguleor.com\/"},{"@type":"ListItem","position":2,"name":"Fair Work"}]},{"@type":"WebSite","@id":"https:\/\/theatreguleor.com\/#website","url":"https:\/\/theatreguleor.com\/","name":"Theatre Gu Le\u00f2r","description":"Contemporary G\u00e0idhlig Theatre","publisher":{"@id":"https:\/\/theatreguleor.com\/#organization"},"potentialAction":[{"@type":"SearchAction","target":{"@type":"EntryPoint","urlTemplate":"https:\/\/theatreguleor.com\/?s={search_term_string}"},"query-input":{"@type":"PropertyValueSpecification","valueRequired":true,"valueName":"search_term_string"}}],"inLanguage":"gd"},{"@type":"Organization","@id":"https:\/\/theatreguleor.com\/#organization","name":"Theatre Gu Le\u00f2r","url":"https:\/\/theatreguleor.com\/","logo":{"@type":"ImageObject","inLanguage":"gd","@id":"https:\/\/theatreguleor.com\/#\/schema\/logo\/image\/","url":"https:\/\/theatreguleor.com\/wp-content\/uploads\/2025\/10\/theatreuleorlogo.png","contentUrl":"https:\/\/theatreguleor.com\/wp-content\/uploads\/2025\/10\/theatreuleorlogo.png","width":386,"height":84,"caption":"Theatre Gu Le\u00f2r"},"image":{"@id":"https:\/\/theatreguleor.com\/#\/schema\/logo\/image\/"},"sameAs":["https:\/\/www.facebook.com\/theatreguleor","https:\/\/www.instagram.com\/theatre.gu.leor"]}]}},"_links":{"self":[{"href":"https:\/\/theatreguleor.com\/gd\/wp-json\/wp\/v2\/pages\/659","targetHints":{"allow":["GET"]}}],"collection":[{"href":"https:\/\/theatreguleor.com\/gd\/wp-json\/wp\/v2\/pages"}],"about":[{"href":"https:\/\/theatreguleor.com\/gd\/wp-json\/wp\/v2\/types\/page"}],"author":[{"embeddable":true,"href":"https:\/\/theatreguleor.com\/gd\/wp-json\/wp\/v2\/users\/1"}],"replies":[{"embeddable":true,"href":"https:\/\/theatreguleor.com\/gd\/wp-json\/wp\/v2\/comments?post=659"}],"version-history":[{"count":3,"href":"https:\/\/theatreguleor.com\/gd\/wp-json\/wp\/v2\/pages\/659\/revisions"}],"predecessor-version":[{"id":683,"href":"https:\/\/theatreguleor.com\/gd\/wp-json\/wp\/v2\/pages\/659\/revisions\/683"}],"wp:featuredmedia":[{"embeddable":true,"href":"https:\/\/theatreguleor.com\/gd\/wp-json\/wp\/v2\/media\/214"}],"wp:attachment":[{"href":"https:\/\/theatreguleor.com\/gd\/wp-json\/wp\/v2\/media?parent=659"}],"curies":[{"name":"wp","href":"https:\/\/api.w.org\/{rel}","templated":true}]}}